{"id":5808,"date":"2025-08-28T08:34:19","date_gmt":"2025-08-28T06:34:19","guid":{"rendered":"https:\/\/www.ayming.ca\/5-programmes-rh\/"},"modified":"2026-04-07T04:59:24","modified_gmt":"2026-04-07T08:59:24","slug":"5-programmes-rh","status":"publish","type":"page","link":"https:\/\/www.ayming.ca\/fr\/carriere\/5-programmes-rh\/","title":{"rendered":"Nos 5 programmes RH"},"content":{"rendered":"    <section\n        class=\"wp-block-breadcrumbs wp-block wp-block--first-block layout--spacing-xxxs-top layout--spacing-xxxs-bottom bg--light-blue\"\n            >\n        <div class=\"wp-block-breadcrumbs__container\">\n            <nav class=\"wp-block-breadcrumbs__nav\" aria-label=\"Breadcrumb\">\n                <nav aria-label=\"breadcrumbs\" class=\"rank-math-breadcrumb\"><p><span class=\"last btn btn--tertiary\">Home<\/span><\/p><\/nav>            <\/nav>\n        <\/div>\n    <\/section>\n \n\n\n<section\n    class=\"wp-block-banner wp-block wp-block-banner--no-additional-content layout--spacing-xxxl-top layout--spacing-xxxl-bottom bg--white wp-block-banner--has-background-image\"\n         style=\"background-image: url('https:\/\/www.ayming.ca\/wp-content\/uploads\/sites\/6\/2025\/10\/Programmes.jpg');\">\n        <div class=\"wp-block-banner__container\">\n        <div class=\"wp-component-content wp-component-content--dark wp-block-banner__content\">\n    <div class=\"wp-component-content__inner\">\n                <p class=\"wp-component-heading body wp-component-content__eyebrow\">\n    Carri\u00e8re<\/p>        <h1 class=\"wp-component-heading text--h1 wp-component-content__title\">\n    Nos High 5 programmes<\/h1>                    <div class=\"wp-component-content__content wysiwyg wysiwyg--dark\">\n                <p class=\"paragraph-xlarge\">Chez Ayming, nous sommes convaincus que nos collaborateurs sont notre plus grande force. C&rsquo;est pourquoi nous avons d\u00e9velopp\u00e9 cinq programmes RH distincts pour accompagner chaque \u00e9tape de votre parcours chez nous.<\/p>\n            <\/div>\n                    <\/div>\n            <div class=\"wp-component-content__buttons\">\n            <a class=\"btn btn--primary btn--dark\" href=\"https:\/\/careers.smartrecruiters.com\/Ayming\" target=\"_blank\" rel=\"noopener\">Postulez<svg class='edwp-icon edwp-icon--xsm js-icon ' aria-hidden='true'>\n                <use xlink:href='#arrow'><\/use>\n            <\/svg><\/a>        <\/div>\n    <\/div>            <\/div>\n<\/section>\n\n\n<section\n    class=\"wp-block-page-anchors js-wp-block-page-anchors wp-block layout--spacing-xxxl-top layout--spacing-xxxl-bottom bg--dark-gradient wp-block-page-anchors--dark bg--dark\"\n    >\n    <div class=\"wp-block-page-anchors__container\">\n        <div class=\"wp-component-content wp-component-content--centered wp-component-content--dark wp-block-page-anchors__content fade-in\">\n    <div class=\"wp-component-content__inner\">\n                <p class=\"wp-component-heading body wp-component-content__eyebrow\">\n    Nous croyons en votre potentiel<\/p>                            <div class=\"wp-component-content__content wysiwyg wysiwyg--dark\">\n                <p class=\"ewa-rteLine\">Chez Ayming, nous sommes convaincus que chaque personne \u00e9volue \u00e0 sa mani\u00e8re. C&rsquo;est pourquoi nous offrons un soutien personnalis\u00e9 pour aider chaque Aymer \u00e0 fa\u00e7onner un parcours professionnel unique. Votre parcours vous appartient \u2013 et nous sommes l\u00e0 pour vous aider \u00e0 atteindre votre plein potentiel.  <\/p>\n            <\/div>\n                    <\/div>\n    <\/div>    <div class=\"wp-component-tab-anchors wp-component-tab-anchors--rounded wp-component-tab-anchors--bubble wp-component-tab-anchors--dark wp-block-page-anchors__tab-anchors js-wp-block-page-anchors-tab-anchors\">\n        <div class=\"wp-component-tab-anchors__inner\">\n                                                <a class=\"wp-component-tab-anchors__anchor  \" href=\"#ayming-academy\"><span>Ayming Academy<\/span><\/a>                                                                <a class=\"wp-component-tab-anchors__anchor  \" href=\"#mentoring\"><span>Mentorat<\/span><\/a>                                                                <a class=\"wp-component-tab-anchors__anchor  \" href=\"#boss-work-life\"><span>Boss of My Work Life<\/span><\/a>                                                                <a class=\"wp-component-tab-anchors__anchor  \" href=\"#move-with-us\"><span>Move With Us<\/span><\/a>                                                                <a class=\"wp-component-tab-anchors__anchor  \" href=\"#career-contract\"><span>Contrat de Carri\u00e8re<\/span><\/a>                                    <\/div>\n    <\/div>\n    <\/div>\n<\/section> \n\n<section\n    class=\"wp-block-two-column-content wp-block layout--spacing-xxxl-top layout--spacing-xxxl-bottom bg--blue wp-block-two-column-content--dark bg--dark wp-block-two-column-content--full-width wp-block-two-column-content--reverse-columns-mobile wp-block-two-column-content--columns-50-50 wp-block-two-column-content--align-center wp-block-two-column-content--highlight-image\"\n     id='ayming-academy'>\n    <div class=\"wp-block-two-column-content__container row-load\">\n                                    <div class=\"wp-component-content wp-component-content--dark wp-block-two-column-content__text\">\n    <div class=\"wp-component-content__inner\">\n                        <h2 class=\"wp-component-heading text--h3 wp-component-content__title\">\n    Ayming Academy<\/h2>                    <div class=\"wp-component-content__content wysiwyg wysiwyg--dark\">\n                <p>Nous accompagnons le d\u00e9veloppement de vos comp\u00e9tences chez Ayming gr\u00e2ce \u00e0 :<\/p>\n<ol class=\"standout-numbered-list\">\n<li>Des programmes sur mesure, centr\u00e9s sur nos r\u00f4les cl\u00e9s et les comp\u00e9tences essentielles : conseil, management, IA, gestion de projet, etc<\/li>\n<li>Des formations techniques pour renforcer votre expertise<\/li>\n<li>Une plateforme num\u00e9rique vous offrant la libert\u00e9 d&rsquo;apprendre o\u00f9 vous voulez, ce que vous voulez, et quand vous voulez<\/li>\n<\/ol>\n<p>Chez Ayming, l&rsquo;apprentissage ne s&rsquo;arr\u00eate jamais ! D\u00e8s l&rsquo;int\u00e9gration, nous vous fournissons les connaissances et les comp\u00e9tences n\u00e9cessaires pour vous \u00e9panouir.<\/p>\n            <\/div>\n                    <\/div>\n    <\/div>                                                <figure class=\"wp-block-two-column-content__image\">\n                    <img decoding=\"async\" width=\"698\" height=\"698\" src=\"https:\/\/www.ayming.ca\/wp-content\/smush-webp\/sites\/6\/2025\/10\/People-AdobeStock_1686614283-698x698.jpeg.webp\" class=\"attachment-1-1-large size-1-1-large\" alt=\"\" srcset=\"https:\/\/www.ayming.ca\/wp-content\/smush-webp\/sites\/6\/2025\/10\/People-AdobeStock_1686614283-698x698.jpeg.webp 698w, https:\/\/www.ayming.ca\/wp-content\/smush-webp\/sites\/6\/2025\/10\/People-AdobeStock_1686614283-150x150.jpeg.webp 150w, https:\/\/www.ayming.ca\/wp-content\/smush-webp\/sites\/6\/2025\/10\/People-AdobeStock_1686614283-1096x1096.jpeg.webp 1096w, https:\/\/www.ayming.ca\/wp-content\/smush-webp\/sites\/6\/2025\/10\/People-AdobeStock_1686614283-532x532.jpeg.webp 532w, https:\/\/www.ayming.ca\/wp-content\/smush-webp\/sites\/6\/2025\/10\/People-AdobeStock_1686614283-132x132.jpeg.webp 132w\" sizes=\"(max-width: 698px) 100vw, 698px\" \/>                                    <\/figure>\n                        <\/div>\n<\/section> \n\n<section\n    class=\"wp-block-two-column-content wp-block layout--none-top layout--spacing-xxl-bottom bg--blue wp-block-two-column-content--dark bg--dark wp-block-two-column-content--full-width wp-block-two-column-content--columns-50-50 wp-block-two-column-content--align-center wp-block-two-column-content--highlight-image\"\n     id='mentoring'>\n    <div class=\"wp-block-two-column-content__container row-load\">\n                                    <figure class=\"wp-block-two-column-content__image\">\n                    <img decoding=\"async\" width=\"698\" height=\"698\" src=\"https:\/\/www.ayming.ca\/wp-content\/smush-webp\/sites\/6\/2025\/10\/Service-HR-linkedin-sales-solutions-AXDunSs-n4-unsplash-698x698.jpg.webp\" class=\"attachment-1-1-large size-1-1-large\" alt=\"\" srcset=\"https:\/\/www.ayming.ca\/wp-content\/smush-webp\/sites\/6\/2025\/10\/Service-HR-linkedin-sales-solutions-AXDunSs-n4-unsplash-698x698.jpg.webp 698w, https:\/\/www.ayming.ca\/wp-content\/smush-webp\/sites\/6\/2025\/10\/Service-HR-linkedin-sales-solutions-AXDunSs-n4-unsplash-150x150.jpg.webp 150w, https:\/\/www.ayming.ca\/wp-content\/smush-webp\/sites\/6\/2025\/10\/Service-HR-linkedin-sales-solutions-AXDunSs-n4-unsplash-1096x1096.jpg.webp 1096w, https:\/\/www.ayming.ca\/wp-content\/smush-webp\/sites\/6\/2025\/10\/Service-HR-linkedin-sales-solutions-AXDunSs-n4-unsplash-532x532.jpg.webp 532w, https:\/\/www.ayming.ca\/wp-content\/smush-webp\/sites\/6\/2025\/10\/Service-HR-linkedin-sales-solutions-AXDunSs-n4-unsplash-132x132.jpg.webp 132w\" sizes=\"(max-width: 698px) 100vw, 698px\" \/>                                    <\/figure>\n                                                <div class=\"wp-component-content wp-component-content--dark wp-block-two-column-content__text\">\n    <div class=\"wp-component-content__inner\">\n                        <h2 class=\"wp-component-heading text--h3 wp-component-content__title\">\n    Mentorat<\/h2>                    <div class=\"wp-component-content__content wysiwyg wysiwyg--dark\">\n                <p>Grandir et s&rsquo;\u00e9panouir ensemble tout au long de votre carri\u00e8re. Dans un havre de confiance et de bienveillance, avec votre mentor vous pourrez :<\/p>\n<ul>\n<li>Construire une relation privil\u00e9gi\u00e9e<\/li>\n<li>Prendre du recul sur votre quotidien<\/li>\n<li>Donner et recevoir des retours sur les exp\u00e9riences et les meilleures pratiques<\/li>\n<li>Partager votre r\u00e9seau<\/li>\n<li>\u00c9changer en toute confidentialit\u00e9<\/li>\n<\/ul>\n<p>Nous croyons sinc\u00e8rement \u00e0 l&rsquo;apprentissage mutuel et au partage des meilleures pratiques. Nous mettons en relation les Aymers de diff\u00e9rents niveaux et pays pour partager, inspirer et grandir ensemble.<\/p>\n            <\/div>\n                    <\/div>\n    <\/div>                        <\/div>\n<\/section> \n\n<section\n    class=\"wp-block-two-column-content wp-block layout--none-top layout--spacing-xxl-bottom bg--blue wp-block-two-column-content--dark bg--dark wp-block-two-column-content--full-width wp-block-two-column-content--reverse-columns-mobile wp-block-two-column-content--columns-50-50 wp-block-two-column-content--align-center wp-block-two-column-content--highlight-image\"\n     id='boss-work-life'>\n    <div class=\"wp-block-two-column-content__container row-load\">\n                                    <div class=\"wp-component-content wp-component-content--dark wp-block-two-column-content__text\">\n    <div class=\"wp-component-content__inner\">\n                        <h2 class=\"wp-component-heading text--h3 wp-component-content__title\">\n    Boss of My Work Life<\/h2>                    <div class=\"wp-component-content__content wysiwyg wysiwyg--dark\">\n                <p data-start=\"0\" data-end=\"216\">Nous aimons les id\u00e9es audacieuses, la pens\u00e9e novatrice et l&rsquo;esprit d&rsquo;entreprise. Vous avez une id\u00e9e pour d\u00e9velopper notre activit\u00e9 ? Ne vous retenez pas, construisons-la ensemble. Chez Ayming, nous avons toujours accueilli des personnes passionn\u00e9es qui suscitent de nouvelles r\u00e9flexions.<\/p>\n<p data-start=\"218\" data-end=\"411\">Nous encourageons l&rsquo;innovation et vous invitons \u00e0 fa\u00e7onner cette culture dynamique. <em data-start=\"288\" data-end=\"309\">Boss of My Work Life<\/em> est notre incubateur pour donner vie aux id\u00e9es : une id\u00e9e, un chef de projet, un sponsor et une \u00e9quipe de r\u00eave.<\/p>\n<p data-start=\"413\" data-end=\"501\" data-is-last-node=\"\" data-is-only-node=\"\">Pensez-y. Construisez-le. Lancez-le. Croyez en vous, concevez votre projet et concr\u00e9tisez-le.<\/p>\n            <\/div>\n                    <\/div>\n    <\/div>                                                <figure class=\"wp-block-two-column-content__image\">\n                    <img decoding=\"async\" width=\"698\" height=\"698\" src=\"https:\/\/www.ayming.ca\/wp-content\/smush-webp\/sites\/6\/2025\/10\/Service-HR-AdobeStock_621273253-698x698.jpeg.webp\" class=\"attachment-1-1-large size-1-1-large\" alt=\"\" srcset=\"https:\/\/www.ayming.ca\/wp-content\/smush-webp\/sites\/6\/2025\/10\/Service-HR-AdobeStock_621273253-698x698.jpeg.webp 698w, https:\/\/www.ayming.ca\/wp-content\/smush-webp\/sites\/6\/2025\/10\/Service-HR-AdobeStock_621273253-150x150.jpeg.webp 150w, https:\/\/www.ayming.ca\/wp-content\/smush-webp\/sites\/6\/2025\/10\/Service-HR-AdobeStock_621273253-1096x1096.jpeg.webp 1096w, https:\/\/www.ayming.ca\/wp-content\/smush-webp\/sites\/6\/2025\/10\/Service-HR-AdobeStock_621273253-532x532.jpeg.webp 532w, https:\/\/www.ayming.ca\/wp-content\/smush-webp\/sites\/6\/2025\/10\/Service-HR-AdobeStock_621273253-132x132.jpeg.webp 132w\" sizes=\"(max-width: 698px) 100vw, 698px\" \/>                                    <\/figure>\n                        <\/div>\n<\/section> \n\n<section\n    class=\"wp-block-two-column-content wp-block layout--none-top layout--spacing-xxl-bottom bg--blue wp-block-two-column-content--dark bg--dark wp-block-two-column-content--full-width wp-block-two-column-content--columns-50-50 wp-block-two-column-content--align-center wp-block-two-column-content--highlight-image\"\n     id='move-with-us'>\n    <div class=\"wp-block-two-column-content__container row-load\">\n                                    <figure class=\"wp-block-two-column-content__image\">\n                    <img decoding=\"async\" width=\"698\" height=\"698\" src=\"https:\/\/www.ayming.ca\/wp-content\/smush-webp\/sites\/6\/2025\/10\/People-AdobeStock_1442703110-698x698.jpeg.webp\" class=\"attachment-1-1-large size-1-1-large\" alt=\"\" srcset=\"https:\/\/www.ayming.ca\/wp-content\/smush-webp\/sites\/6\/2025\/10\/People-AdobeStock_1442703110-698x698.jpeg.webp 698w, https:\/\/www.ayming.ca\/wp-content\/smush-webp\/sites\/6\/2025\/10\/People-AdobeStock_1442703110-150x150.jpeg.webp 150w, https:\/\/www.ayming.ca\/wp-content\/smush-webp\/sites\/6\/2025\/10\/People-AdobeStock_1442703110-1096x1096.jpeg.webp 1096w, https:\/\/www.ayming.ca\/wp-content\/smush-webp\/sites\/6\/2025\/10\/People-AdobeStock_1442703110-532x532.jpeg.webp 532w, https:\/\/www.ayming.ca\/wp-content\/smush-webp\/sites\/6\/2025\/10\/People-AdobeStock_1442703110-132x132.jpeg.webp 132w\" sizes=\"(max-width: 698px) 100vw, 698px\" \/>                                    <\/figure>\n                                                <div class=\"wp-component-content wp-component-content--dark wp-block-two-column-content__text\">\n    <div class=\"wp-component-content__inner\">\n                        <h2 class=\"wp-component-heading text--h3 wp-component-content__title\">\n    Move With Us<\/h2>                    <div class=\"wp-component-content__content wysiwyg wysiwyg--dark\">\n                <article class=\"text-token-text-primary w-full focus:outline-none [--shadow-height:45px] has-data-writing-block:pointer-events-none has-data-writing-block:-mt-(--shadow-height) has-data-writing-block:pt-(--shadow-height) [&amp;:has([data-writing-block])&gt;*]:pointer-events-auto [content-visibility:auto] supports-[content-visibility:auto]:[contain-intrinsic-size:auto_100lvh] scroll-mt-[calc(var(--header-height)+min(200px,max(70px,20svh)))]\" dir=\"auto\" data-turn-id=\"request-WEB:0941e42a-77b5-4158-8772-3323781ba5f1-16\" data-testid=\"conversation-turn-34\" data-scroll-anchor=\"true\" data-turn=\"assistant\">\n<div class=\"text-base my-auto mx-auto pb-10 [--thread-content-margin:--spacing(4)] thread-sm:[--thread-content-margin:--spacing(6)] thread-lg:[--thread-content-margin:--spacing(16)] px-(--thread-content-margin)\">\n<div class=\"[--thread-content-max-width:40rem] thread-lg:[--thread-content-max-width:48rem] mx-auto max-w-(--thread-content-max-width) flex-1 group\/turn-messages focus-visible:outline-hidden relative flex w-full min-w-0 flex-col agent-turn\">\n<div class=\"flex max-w-full flex-col grow\">\n<div class=\"min-h-8 text-message relative flex w-full flex-col items-end gap-2 text-start break-words whitespace-normal [.text-message+&amp;]:mt-1\" dir=\"auto\" data-message-author-role=\"assistant\" data-message-id=\"271f0eaa-90b6-42b9-81b1-6cbf00c1e3bd\" data-message-model-slug=\"gpt-4o\">\n<div class=\"flex w-full flex-col gap-1 empty:hidden first:pt-[1px]\">\n<div class=\"markdown prose dark:prose-invert w-full break-words light markdown-new-styling\">\n<p data-start=\"0\" data-end=\"201\" data-is-last-node=\"\" data-is-only-node=\"\"><em data-start=\"0\" data-end=\"14\" data-is-only-node=\"\">Move With Us<\/em> est notre programme de mobilit\u00e9 con\u00e7u pour vous aider \u00e0 explorer tout ce qu&rsquo;Ayming a \u00e0 offrir. Voyagez avec nous \u2014 au-del\u00e0 des fronti\u00e8res ! D\u00e9couvrez le large \u00e9ventail d&rsquo;opportunit\u00e9s qui vous attendent :<\/p>\n<\/div>\n<\/div>\n<\/div>\n<\/div>\n<\/div>\n<\/div>\n<\/article>\n<ol class=\"standout-numbered-list\">\n<li>Nouveau r\u00f4le<\/li>\n<li>Nouvelles missions<\/li>\n<li>Dans 14 pays<\/li>\n<li>Des projets passionnants d&rsquo;une dur\u00e9e de 3, 6 mois ou plus au sein du groupe Ayming<\/li>\n<\/ol>\n            <\/div>\n                    <\/div>\n    <\/div>                        <\/div>\n<\/section> \n\n<section\n    class=\"wp-block-two-column-content wp-block layout--none-top layout--spacing-xxl-bottom bg--blue wp-block-two-column-content--dark bg--dark wp-block-two-column-content--full-width wp-block-two-column-content--reverse-columns-mobile wp-block-two-column-content--columns-50-50 wp-block-two-column-content--align-center wp-block-two-column-content--highlight-image\"\n     id='career-contract'>\n    <div class=\"wp-block-two-column-content__container row-load\">\n                                    <div class=\"wp-component-content wp-component-content--dark wp-block-two-column-content__text\">\n    <div class=\"wp-component-content__inner\">\n                        <h2 class=\"wp-component-heading text--h3 wp-component-content__title\">\n    Contrat de Carri\u00e8re<\/h2>                    <div class=\"wp-component-content__content wysiwyg wysiwyg--dark\">\n                <p data-start=\"0\" data-end=\"204\">Le <em data-start=\"4\" data-end=\"21\">Contrat de Carri\u00e8re<\/em> est notre fa\u00e7on de soutenir votre parcours avec flexibilit\u00e9, confiance et un \u00e9tat d&rsquo;esprit positif. Chez Ayming, nous construisons des relations solides et respectueuses et nous comprenons que vos objectifs peuvent \u00e9voluer.<\/p>\n<p data-start=\"206\" data-end=\"333\">C&rsquo;est pourquoi nous vous proposons un partenariat dynamique pour soutenir votre croissance \u2014 \u00e0 travers nos programmes et au-del\u00e0, au sein de la Galaxie Ayming :<\/p>\n<ul data-start=\"335\" data-end=\"470\">\n<li data-start=\"335\" data-end=\"393\">\n<p data-start=\"337\" data-end=\"393\">Une approche <em data-start=\"339\" data-end=\"352\">Good Leaver<\/em>, afin que nous nous s\u00e9parions dans les meilleures conditions<\/p>\n<\/li>\n<li data-start=\"394\" data-end=\"470\">\n<p data-start=\"396\" data-end=\"470\">Un <em data-start=\"399\" data-end=\"425\">Entrepreneurship Mindset<\/em>, o\u00f9 nous vous aidons \u00e0 lancer votre propre entreprise<\/p>\n<\/li>\n<\/ul>\n<p data-start=\"472\" data-end=\"619\" data-is-last-node=\"\" data-is-only-node=\"\">Les carri\u00e8res ne sont pas toujours lin\u00e9aires \u2014 les chemins peuvent diverger et se reconnecter. Dans la Galaxie Ayming, les opportunit\u00e9s sont infinies, et revenir est toujours une option.<\/p>\n            <\/div>\n                    <\/div>\n    <\/div>                                                <figure class=\"wp-block-two-column-content__image\">\n                    <img decoding=\"async\" width=\"698\" height=\"698\" src=\"https:\/\/www.ayming.ca\/wp-content\/smush-webp\/sites\/6\/2025\/10\/Service-HR-AdobeStock_500226833-698x698.jpeg.webp\" class=\"attachment-1-1-large size-1-1-large\" alt=\"\" srcset=\"https:\/\/www.ayming.ca\/wp-content\/smush-webp\/sites\/6\/2025\/10\/Service-HR-AdobeStock_500226833-698x698.jpeg.webp 698w, https:\/\/www.ayming.ca\/wp-content\/smush-webp\/sites\/6\/2025\/10\/Service-HR-AdobeStock_500226833-150x150.jpeg.webp 150w, https:\/\/www.ayming.ca\/wp-content\/smush-webp\/sites\/6\/2025\/10\/Service-HR-AdobeStock_500226833-1096x1096.jpeg.webp 1096w, https:\/\/www.ayming.ca\/wp-content\/smush-webp\/sites\/6\/2025\/10\/Service-HR-AdobeStock_500226833-532x532.jpeg.webp 532w, https:\/\/www.ayming.ca\/wp-content\/smush-webp\/sites\/6\/2025\/10\/Service-HR-AdobeStock_500226833-132x132.jpeg.webp 132w\" sizes=\"(max-width: 698px) 100vw, 698px\" \/>                                    <\/figure>\n                        <\/div>\n<\/section> \n\n    <section\n        class=\"wp-block-cards wp-block wp-block-cards--col-3 layout--spacing-xxxl-top layout--spacing-xxxl-bottom bg--dark-blue wp-block-cards--dark bg--dark\"\n            >\n        <div class=\"wp-block-cards__container\">\n                                        <div class=\"wp-block-cards__cards row-load\">\n                                                                        <article class=\"wp-component-card wp-component-card--white wp-block-cards__card\">\n        <div class=\"wp-component-card__content\">\n                                                    <h3                                class=\"wp-component-card__title\"\n            >\n                Life @ Ayming                            <\/h3>\n                                            <p class=\"wp-component-card__description\">\n                    D\u00e9couvrez un environnement de travail prosp\u00e8re et bienveillant pour r\u00e9v\u00e9ler le meilleur de vous-m\u00eame.                <\/p>\n                                                <div class=\"wp-component-card__button-wrapper\">\n                <a class=\"btn btn--primary wp-component-card__button\" href=\"https:\/\/www.ayming.fr\/carriere\/vie-a-ayming\/\" target=\"_blank\" rel=\"noopener\">Life @ Ayming<svg class='edwp-icon edwp-icon--xsm js-icon ' aria-hidden='true'>\n                <use xlink:href='#arrow'><\/use>\n            <\/svg><\/a>            <\/div>\n            <\/div>\n<\/article>                                                                                                <article class=\"wp-component-card wp-component-card--white wp-block-cards__card\">\n        <div class=\"wp-component-card__content\">\n                                                    <h3                                class=\"wp-component-card__title\"\n            >\n                Avantages                            <\/h3>\n                                            <p class=\"wp-component-card__description\">\n                    Votre travail, votre performance, votre engagement, votre r\u00e9compense.                <\/p>\n                                                <div class=\"wp-component-card__button-wrapper\">\n                <a class=\"btn btn--primary wp-component-card__button\" href=\"\/carriere\/avantages\/\">Avantages<svg class='edwp-icon edwp-icon--xsm js-icon ' aria-hidden='true'>\n                <use xlink:href='#arrow'><\/use>\n            <\/svg><\/a>            <\/div>\n            <\/div>\n<\/article>                                                            <\/div>\n                    <\/div>\n    <\/section>\n\n\n<section\n    class=\"wp-block-cta-banner wp-block wp-block-cta-banner--reverse-order wp-block-cta-banner--blue-gradient wp-block-cta-banner--has-image layout--spacing-xxl-top layout--spacing-xxl-bottom bg--light-blue\"\n    >\n    <div class=\"wp-block-cta-banner__container\">\n                    <div class=\"wp-block-cta-banner__box\">\n                                    <div class=\"wp-block-cta-banner__image\">\n                    <img decoding=\"async\" width=\"981\" height=\"569\" src=\"https:\/\/www.ayming.ca\/wp-content\/smush-webp\/sites\/6\/2025\/10\/People-page-981x569.jpg.webp\" class=\"attachment-content-width-sidebar-image size-content-width-sidebar-image\" alt=\"\" srcset=\"https:\/\/www.ayming.ca\/wp-content\/smush-webp\/sites\/6\/2025\/10\/People-page-981x569.jpg.webp 981w, https:\/\/www.ayming.ca\/wp-content\/smush-webp\/sites\/6\/2025\/10\/People-page-1096x636.jpg.webp 1096w\" sizes=\"(max-width: 981px) 100vw, 981px\" \/>                <\/div>\n                        <div class=\"wp-block-cta-banner__inner fade-in\">\n                <div class=\"wp-block-cta-banner__content\">\n                    <h3 class=\"wp-component-heading text--h4 wp-block-cta-banner__heading\">\n    Commencez votre parcours Ayming aujourd&rsquo;hui<\/h3>                                            <div class=\"wp-block-cta-banner__wywisyg wysiwyg\">\n                            <p class=\"paragraph-large\">Chez Ayming, nous transformons l&rsquo;ambition en action. Rejoignez une \u00e9quipe qui va plus loin ensemble. <\/p>\n                        <\/div>\n                                    <\/div>\n                <a class=\"btn btn--primary btn--dark wp-block-cta-banner__button\" href=\"https:\/\/careers.smartrecruiters.com\/Ayming\" target=\"_blank\" rel=\"noopener\">Postulez<svg class='edwp-icon edwp-icon--xsm js-icon ' aria-hidden='true'>\n                <use xlink:href='#arrow'><\/use>\n            <\/svg><\/a>            <\/div>\n                    <\/div>\n            <\/div>\n<\/section> ","protected":false},"excerpt":{"rendered":"","protected":false},"author":1,"featured_media":0,"parent":5766,"menu_order":0,"comment_status":"closed","ping_status":"closed","template":"","meta":{"_acf_changed":true,"footnotes":""},"class_list":["post-5808","page","type-page","status-publish","hentry"],"acf":[],"_links":{"self":[{"href":"https:\/\/www.ayming.ca\/fr\/wp-json\/wp\/v2\/pages\/5808","targetHints":{"allow":["GET"]}}],"collection":[{"href":"https:\/\/www.ayming.ca\/fr\/wp-json\/wp\/v2\/pages"}],"about":[{"href":"https:\/\/www.ayming.ca\/fr\/wp-json\/wp\/v2\/types\/page"}],"author":[{"embeddable":true,"href":"https:\/\/www.ayming.ca\/fr\/wp-json\/wp\/v2\/users\/1"}],"replies":[{"embeddable":true,"href":"https:\/\/www.ayming.ca\/fr\/wp-json\/wp\/v2\/comments?post=5808"}],"version-history":[{"count":0,"href":"https:\/\/www.ayming.ca\/fr\/wp-json\/wp\/v2\/pages\/5808\/revisions"}],"up":[{"embeddable":true,"href":"https:\/\/www.ayming.ca\/fr\/wp-json\/wp\/v2\/pages\/5766"}],"wp:attachment":[{"href":"https:\/\/www.ayming.ca\/fr\/wp-json\/wp\/v2\/media?parent=5808"}],"curies":[{"name":"wp","href":"https:\/\/api.w.org\/{rel}","templated":true}]}}