{"id":5827,"date":"2025-10-23T19:12:31","date_gmt":"2025-10-23T17:12:31","guid":{"rendered":"https:\/\/www.ayming.ca\/carriere\/vie-a-ayming\/manager\/"},"modified":"2025-10-23T19:12:31","modified_gmt":"2025-10-23T17:12:31","slug":"manager","status":"publish","type":"page","link":"https:\/\/www.ayming.ca\/fr\/carriere\/vie-a-ayming\/manager\/","title":{"rendered":"Manager"},"content":{"rendered":"    <section\n        class=\"wp-block-breadcrumbs wp-block wp-block-breadcrumbs--has-border wp-block--first-block layout--spacing-xxxs-top layout--spacing-xxxs-bottom bg--light-blue\"\n            >\n        <div class=\"wp-block-breadcrumbs__container\">\n            <nav class=\"wp-block-breadcrumbs__nav\" aria-label=\"Breadcrumb\">\n                <nav aria-label=\"breadcrumbs\" class=\"rank-math-breadcrumb\"><p><span class=\"last btn btn--tertiary\">Home<\/span><\/p><\/nav>            <\/nav>\n        <\/div>\n    <\/section>\n \n\n\n<section\n    class=\"wp-block-banner wp-block wp-block-banner--image wp-block-banner--reverse-order wp-block-banner--highlight-image layout--spacing-xxl-top layout--spacing-xxl-bottom bg--light-blue\"\n        >\n        <div class=\"wp-block-banner__container\">\n        <div class=\"wp-component-content wp-block-banner__content\">\n    <div class=\"wp-component-content__inner\">\n                <p class=\"wp-component-heading body wp-component-content__eyebrow\">\n    Paris, France<\/p>        <h1 class=\"wp-component-heading text--h2 wp-component-content__title\">\n    Rencontrez Marc<\/h1>                    <div class=\"wp-component-content__content wysiwyg\">\n                <p class=\"text--h6\">Manager @ Ayming<\/p>\n<p>#ecouter #analyser #accompagner #innover #transformer<\/p>\n            <\/div>\n                    <\/div>\n    <\/div>                    <div class=\"wp-block-banner__col\">\n                                    <div class=\"wp-block-banner__image\">\n                        <img decoding=\"async\" width=\"532\" height=\"532\" src=\"https:\/\/www.ayming.ca\/wp-content\/smush-webp\/sites\/6\/2026\/04\/DUGAST_Marc-532x532.jpg.webp\" class=\"attachment-1-1-default size-1-1-default\" alt=\"\" srcset=\"https:\/\/www.ayming.ca\/wp-content\/smush-webp\/sites\/6\/2026\/04\/DUGAST_Marc-532x532.jpg.webp 532w, https:\/\/www.ayming.ca\/wp-content\/smush-webp\/sites\/6\/2026\/04\/DUGAST_Marc-150x150.jpg.webp 150w, https:\/\/www.ayming.ca\/wp-content\/smush-webp\/sites\/6\/2026\/04\/DUGAST_Marc-1096x1096.jpg.webp 1096w, https:\/\/www.ayming.ca\/wp-content\/smush-webp\/sites\/6\/2026\/04\/DUGAST_Marc-698x698.jpg.webp 698w, https:\/\/www.ayming.ca\/wp-content\/smush-webp\/sites\/6\/2026\/04\/DUGAST_Marc-132x132.jpg.webp 132w\" sizes=\"(max-width: 532px) 100vw, 532px\" \/>                    <\/div>\n                            <\/div>\n            <\/div>\n<\/section>\n\n\n<section\n    class=\"wp-block-text-block wp-block wp-block-text-block--reduced-width layout--spacing-xxl-top layout--spacing-xxl-bottom bg--white\"\n    >\n                        <div class=\"wp-block-text-block__container wysiwyg fade-in\">\n                <p class=\"intro-text\"><span class=\"TextRun SCXW124038300 BCX0\" lang=\"FR-FR\" xml:lang=\"FR-FR\" data-contrast=\"auto\"><span class=\"NormalTextRun SCXW124038300 BCX0\">Je m\u2019appelle Marc, je suis Manager au sein du D\u00e9partement Innovation, j\u2019ai int\u00e9gr\u00e9 Ayming en 2005 apr\u00e8s une premi\u00e8re exp\u00e9rience dans la Recherche acad\u00e9mique. Je recherchais un m\u00e9tier qui contribuait au d\u00e9veloppement de la recherche et de l\u2019innovation, ancr\u00e9 dans le monde de l\u2019entreprise.<\/span><\/span><\/p>\n            <\/div>\n            <\/section>\n\n\n<section\n    class=\"wp-block-testimonials-block wp-block layout--none-top layout--spacing-xxl-bottom bg--white\"\n    >\n    <div class=\"wp-block-testimonials-block__container\">\n                    <div class=\"wp-component-testimonials wp-block-testimonials-block__testimonials fade-in\">\n        <div class=\"swiper-wrapper wp-component-testimonials__swiper-wrapper\">\n                            <div class=\"swiper-slide wp-component-testimonials__slide js-wp-component-testimonials-slide\">\n                        <div class=\"wp-component-testimonial wp-component-testimonial--blue-box\">\n        <blockquote class=\"wp-component-testimonial__quote\">\n            <svg class='edwp-icon edwp-icon--med js-icon wp-component-testimonial__quote-icon wp-component-testimonial__quote-icon-start' aria-hidden='true'>\n                <use xlink:href='#quote'><\/use>\n            <\/svg>Ce que j\u2019appr\u00e9cie le plus, c\u2019est contribuer r\u00e9guli\u00e8rement \u00e0 faire progresser des collaborateurs dans des situations concr\u00e8tes o\u00f9 le r\u00e9sultat et la qualit\u00e9 de leur travail sont reconnus et remarqu\u00e9s par nos clients. <svg class='edwp-icon edwp-icon--med js-icon wp-component-testimonial__quote-icon wp-component-testimonial__quote-icon-end' aria-hidden='true'>\n                <use xlink:href='#quote'><\/use>\n            <\/svg>        <\/blockquote>\n            <\/div>\n                <\/div>\n                    <\/div>\n            <\/div>\n            <\/div>\n<\/section>\n\n\n<section\n    class=\"wp-block-text-block wp-block wp-block-text-block--reduced-width layout--none-top layout--spacing-xxl-bottom bg--white\"\n    >\n                        <div class=\"wp-block-text-block__container wysiwyg fade-in\">\n                <h2>Ma routine de travail<\/h2>\n<p class=\"paragraph-large\"><span class=\"TextRun SCXW78082140 BCX0\" lang=\"FR-FR\" xml:lang=\"FR-FR\" data-contrast=\"auto\"><span class=\"NormalTextRun SCXW78082140 BCX0\">Mon quotidien de manager m\u2019offre la possibilit\u00e9 d\u2019avoir une tr\u00e8s grande vari\u00e9t\u00e9 de t\u00e2ches. J\u2019accompagne des clients \u00e0 un niveau op\u00e9rationnel et strat\u00e9gique en analysant leurs probl\u00e8mes et en leur partageant le conseil le plus adapt\u00e9. Je fais grandir notre organisation en travaillant les processus, les modes de travail, en d\u00e9veloppant la performance individuelle et collective et en privil\u00e9giant la culture du feedback. J\u2019apporte un soutien \u00e0 nos \u00e9quipes commerciales en leur apportant l\u2019expertise qui va convaincre nos prospects.<\/span><\/span><span class=\"EOP SCXW78082140 BCX0\" data-ccp-props=\"{}\">\u00a0<\/span><\/p>\n            <\/div>\n            <\/section>\n\n\n<section\n    class=\"wp-block-key-content wp-block wp-block-key-content--dark-blue wp-block-key-content--columns-2 wp-block-key-content--callout-default wp-block-key-content--reduced-width layout--none-top layout--spacing-xxl-bottom bg--white\"\n    >\n    <div class=\"wp-block-key-content__container\">\n        <div class=\"wp-block-key-content__box\">\n            <div class=\"wp-component-content wp-component-content--dark wp-block-key-content__content fade-in\">\n    <div class=\"wp-component-content__inner\">\n                        <h2 class=\"wp-component-heading text--h5 wp-component-content__title\">\n    Mes principales activit\u00e9s comprennent<\/h2>                    <\/div>\n    <\/div>                            <div class=\"wp-block-key-content__key-items row-load\">\n                                            <article class=\"wp-component-card wp-component-card--white\">\n        <div class=\"wp-component-card__content\">\n                                                                    <div class=\"wp-component-card__icons\">\n                                    <div class=\"wp-component-card__icon-wrapper\">\n                        <div class=\"wp-component-card__icon-icon\">\n                            <img decoding=\"async\" width=\"32\" height=\"32\" src=\"https:\/\/www.ayming.ca\/wp-content\/smush-webp\/sites\/6\/2025\/10\/con-Blue-Finance-Tax-27-32x32.png.webp\" class=\"attachment-icon size-icon\" alt=\"Icone finance et fiscalite\" srcset=\"https:\/\/www.ayming.ca\/wp-content\/smush-webp\/sites\/6\/2025\/10\/con-Blue-Finance-Tax-27-32x32.png.webp 32w, https:\/\/www.ayming.ca\/wp-content\/uploads\/sites\/6\/2025\/10\/con-Blue-Finance-Tax-27.png 48w\" sizes=\"(max-width: 32px) 100vw, 32px\" \/>                        <\/div>\n                        <p class=\"wp-component-card__icon-title\">\n                            R\u00e9fl\u00e9chir et d\u00e9finir en \u00e9quipe une strat\u00e9gie de mise en \u0153uvre op\u00e9rationnelle                          <\/p>\n                    <\/div>\n                                    <div class=\"wp-component-card__icon-wrapper\">\n                        <div class=\"wp-component-card__icon-icon\">\n                            <img decoding=\"async\" width=\"32\" height=\"33\" src=\"https:\/\/www.ayming.ca\/wp-content\/smush-webp\/sites\/6\/2025\/10\/Icon-Blue-HospitalPerformance-2-32x33.png.webp\" class=\"attachment-icon size-icon\" alt=\"\" srcset=\"https:\/\/www.ayming.ca\/wp-content\/smush-webp\/sites\/6\/2025\/10\/Icon-Blue-HospitalPerformance-2-32x33.png.webp 32w, https:\/\/www.ayming.ca\/wp-content\/uploads\/sites\/6\/2025\/10\/Icon-Blue-HospitalPerformance-2.png 48w\" sizes=\"(max-width: 32px) 100vw, 32px\" \/>                        <\/div>\n                        <p class=\"wp-component-card__icon-title\">\n                            Pr\u00e9senter un plan d\u2019action \u00e0 un client                         <\/p>\n                    <\/div>\n                                    <div class=\"wp-component-card__icon-wrapper\">\n                        <div class=\"wp-component-card__icon-icon\">\n                            <img decoding=\"async\" width=\"32\" height=\"33\" src=\"https:\/\/www.ayming.ca\/wp-content\/smush-webp\/sites\/6\/2025\/10\/Frame-139-32x33.png.webp\" class=\"attachment-icon size-icon\" alt=\"\" srcset=\"https:\/\/www.ayming.ca\/wp-content\/smush-webp\/sites\/6\/2025\/10\/Frame-139-32x33.png.webp 32w, https:\/\/www.ayming.ca\/wp-content\/uploads\/sites\/6\/2025\/10\/Frame-139.png 48w\" sizes=\"(max-width: 32px) 100vw, 32px\" \/>                        <\/div>\n                        <p class=\"wp-component-card__icon-title\">\n                            Pour pallier une contrainte inattendue, analyser et d\u00e9cider une approche alternative originale                        <\/p>\n                    <\/div>\n                            <\/div>\n                    <\/div>\n<\/article><article class=\"wp-component-card wp-component-card--white\">\n        <div class=\"wp-component-card__content\">\n                                                                    <div class=\"wp-component-card__icons\">\n                                    <div class=\"wp-component-card__icon-wrapper\">\n                        <div class=\"wp-component-card__icon-icon\">\n                            <img decoding=\"async\" width=\"32\" height=\"33\" src=\"https:\/\/www.ayming.ca\/wp-content\/smush-webp\/sites\/6\/2025\/10\/Icon-Blue-Innovation-13-32x33.png.webp\" class=\"attachment-icon size-icon\" alt=\"Ic\u00f4ne innovation Ayming\" srcset=\"https:\/\/www.ayming.ca\/wp-content\/smush-webp\/sites\/6\/2025\/10\/Icon-Blue-Innovation-13-32x33.png.webp 32w, https:\/\/www.ayming.ca\/wp-content\/uploads\/sites\/6\/2025\/10\/Icon-Blue-Innovation-13.png 48w\" sizes=\"(max-width: 32px) 100vw, 32px\" \/>                        <\/div>\n                        <p class=\"wp-component-card__icon-title\">\n                            R\u00e9viser et am\u00e9liorer un processus ou un outil p\u00e9dagogique de formation                        <\/p>\n                    <\/div>\n                                    <div class=\"wp-component-card__icon-wrapper\">\n                        <div class=\"wp-component-card__icon-icon\">\n                            <img decoding=\"async\" width=\"32\" height=\"33\" src=\"https:\/\/www.ayming.ca\/wp-content\/smush-webp\/sites\/6\/2025\/10\/Frame-180-32x33.png.webp\" class=\"attachment-icon size-icon\" alt=\"\" srcset=\"https:\/\/www.ayming.ca\/wp-content\/smush-webp\/sites\/6\/2025\/10\/Frame-180-32x33.png.webp 32w, https:\/\/www.ayming.ca\/wp-content\/uploads\/sites\/6\/2025\/10\/Frame-180.png 48w\" sizes=\"(max-width: 32px) 100vw, 32px\" \/>                        <\/div>\n                        <p class=\"wp-component-card__icon-title\">\n                            Accompagner un collaborateur par le feedback et la mise en action                         <\/p>\n                    <\/div>\n                            <\/div>\n                    <\/div>\n<\/article>                                    <\/div>\n                    <\/div>\n    <\/div>\n<\/section>\n\n<section\n    class=\"wp-block-text-block wp-block wp-block-text-block--reduced-width layout--none-top layout--spacing-xxl-bottom bg--white\"\n    >\n                        <div class=\"wp-block-text-block__container wysiwyg fade-in\">\n                <h2>Les projets types sur lesquels je travaille<\/h2>\n<p class=\"paragraph-large\"><span class=\"TextRun SCXW113259686 BCX0\" lang=\"FR-FR\" xml:lang=\"FR-FR\" data-contrast=\"auto\"><span class=\"NormalTextRun SCXW113259686 BCX0\">J\u2019ai mis en place avec un grand groupe industriel un processus ambitieux de cartographie et d\u2019analyse de ses programmes de R&amp;D afin de suivre, tracer et justifier tant ses co\u00fbts que ses op\u00e9rations innovantes pour s\u00e9curiser et exploiter le plein potentiel d\u2019un financement. Certaines \u00e9tapes ont parfois \u00e9t\u00e9 complexes, tendues ou le calendrier parfois beaucoup trop optimiste. Mais l\u2019amplitude des changements m\u2019a permis de participer \u00e0 des \u00e9tapes connexes et impr\u00e9vues de structuration et de red\u00e9finition du syst\u00e8me de management de l\u2019innovation du groupe. La s\u00e9quence s\u2019est r\u00e9v\u00e9l\u00e9e \u00e0 la fois passionnante, impressionnante par l\u2019\u00e9nergie collective qu\u2019il a fallu y mettre et par le r\u00e9sultat \u00e0 la hauteur des attentes de notre client.\u00a0<\/span><\/span><span class=\"EOP SCXW113259686 BCX0\" data-ccp-props=\"{}\">\u00a0<\/span><\/p>\n            <\/div>\n            <\/section>\n\n\n<section\n    class=\"wp-block-testimonials-block wp-block layout--none-top layout--spacing-xxl-bottom bg--white\"\n    >\n    <div class=\"wp-block-testimonials-block__container\">\n                    <div class=\"wp-component-testimonials wp-block-testimonials-block__testimonials fade-in\">\n        <div class=\"swiper-wrapper wp-component-testimonials__swiper-wrapper\">\n                            <div class=\"swiper-slide wp-component-testimonials__slide js-wp-component-testimonials-slide\">\n                        <div class=\"wp-component-testimonial wp-component-testimonial--blue-box\">\n        <blockquote class=\"wp-component-testimonial__quote\">\n            <svg class='edwp-icon edwp-icon--med js-icon wp-component-testimonial__quote-icon wp-component-testimonial__quote-icon-start' aria-hidden='true'>\n                <use xlink:href='#quote'><\/use>\n            <\/svg>Nos meilleurs clients ? Ceux qui sont exigeants, nous obligent \u00e0 repousser nos limites, et qui, en contrepartie, donnent leur confiance, s\u2019inscrivent dans la dur\u00e9e et reconnaissent les succ\u00e8s. <svg class='edwp-icon edwp-icon--med js-icon wp-component-testimonial__quote-icon wp-component-testimonial__quote-icon-end' aria-hidden='true'>\n                <use xlink:href='#quote'><\/use>\n            <\/svg>        <\/blockquote>\n            <\/div>\n                <\/div>\n                    <\/div>\n            <\/div>\n            <\/div>\n<\/section>\n\n\n<section\n    class=\"wp-block-text-block wp-block wp-block-text-block--reduced-width layout--none-top layout--spacing-xxl-bottom bg--white\"\n    >\n                        <div class=\"wp-block-text-block__container wysiwyg fade-in\">\n                <h2>Mon \u00e9quipe<\/h2>\n<p class=\"paragraph-large\"><span class=\"TextRun SCXW221204295 BCX0\" lang=\"FR-FR\" xml:lang=\"FR-FR\" data-contrast=\"auto\"><span class=\"NormalTextRun SCXW221204295 BCX0\">J\u2019appr\u00e9cie la grande diversit\u00e9 de mes \u00e9quipes. Leurs sp\u00e9cialit\u00e9s scientifiques sont vari\u00e9es, leurs parcours de formation, leurs personnalit\u00e9s et leurs aptitudes ne se ressemblent pas. Ces diff\u00e9rences peuvent parfois \u00eatre source de tensions et de d\u00e9saccords. Mais j\u2019ai la chance de vivre dans un environnement professionnel o\u00f9 cette alt\u00e9rit\u00e9 nous impose aussi de mieux communiquer, de nous \u00e9couter et de nous respecter pour r\u00e9pondre \u00e0 un objectif commun. Je constate <\/span><span class=\"NormalTextRun SCXW221204295 BCX0\">fr\u00e9quemment <\/span><span class=\"NormalTextRun SCXW221204295 BCX0\">au <\/span><span class=\"NormalTextRun SCXW221204295 BCX0\">quotidien que cet \u00e9quilibre favorise la prise de conscience et l\u2019empathie pour une plus grande intelligence collective.\u00a0<\/span><\/span><span class=\"EOP SCXW221204295 BCX0\" data-ccp-props=\"{}\">\u00a0<\/span><\/p>\n            <\/div>\n            <\/section>\n\n\n<section\n    class=\"wp-block-testimonials-block wp-block layout--none-top layout--spacing-xxl-bottom bg--white\"\n    >\n    <div class=\"wp-block-testimonials-block__container\">\n                    <div class=\"wp-component-testimonials wp-block-testimonials-block__testimonials fade-in\">\n        <div class=\"swiper-wrapper wp-component-testimonials__swiper-wrapper\">\n                            <div class=\"swiper-slide wp-component-testimonials__slide js-wp-component-testimonials-slide\">\n                        <div class=\"wp-component-testimonial wp-component-testimonial--blue-box\">\n        <blockquote class=\"wp-component-testimonial__quote\">\n            <svg class='edwp-icon edwp-icon--med js-icon wp-component-testimonial__quote-icon wp-component-testimonial__quote-icon-start' aria-hidden='true'>\n                <use xlink:href='#quote'><\/use>\n            <\/svg>Si vous recherchez une organisation ouverte, bienveillante et exigeante, une communaut\u00e9 manag\u00e9riale qui cherche \u00e0 faire vivre une culture pr\u00e9cieuse d\u2019\u00e9coute et de pragmatisme et des coll\u00e8gues curieux, orient\u00e9s solution et qui contribuent \u00e0 rendre le quotidien apprenant et soutenant, rejoignez-nous\u202f! <svg class='edwp-icon edwp-icon--med js-icon wp-component-testimonial__quote-icon wp-component-testimonial__quote-icon-end' aria-hidden='true'>\n                <use xlink:href='#quote'><\/use>\n            <\/svg>        <\/blockquote>\n            <\/div>\n                <\/div>\n                    <\/div>\n            <\/div>\n            <\/div>\n<\/section>\n\n\n<section\n    class=\"wp-block-cta-banner wp-block wp-block-cta-banner--reverse-order wp-block-cta-banner--blue-gradient wp-block-cta-banner--has-image layout--spacing-xxl-top layout--spacing-xxl-bottom bg--light-blue\"\n    >\n    <div class=\"wp-block-cta-banner__container\">\n                    <div class=\"wp-block-cta-banner__box\">\n                                    <div class=\"wp-block-cta-banner__image\">\n                    <img decoding=\"async\" width=\"981\" height=\"569\" src=\"https:\/\/www.ayming.ca\/wp-content\/smush-webp\/sites\/6\/2025\/10\/Programmes-981x569.jpg.webp\" class=\"attachment-content-width-sidebar-image size-content-width-sidebar-image\" alt=\"\" srcset=\"https:\/\/www.ayming.ca\/wp-content\/smush-webp\/sites\/6\/2025\/10\/Programmes-981x569.jpg.webp 981w, https:\/\/www.ayming.ca\/wp-content\/smush-webp\/sites\/6\/2025\/10\/Programmes-1096x636.jpg.webp 1096w\" sizes=\"(max-width: 981px) 100vw, 981px\" \/>                <\/div>\n                        <div class=\"wp-block-cta-banner__inner fade-in\">\n                <div class=\"wp-block-cta-banner__content\">\n                    <h3 class=\"wp-component-heading text--h4 wp-block-cta-banner__heading\">\n    Commencez votre parcours <br>chez Ayming aujourd&rsquo;hui<\/h3>                                            <div class=\"wp-block-cta-banner__wywisyg wysiwyg\">\n                            <p class=\"paragraph-large\">Chez Ayming, nous transformons l&rsquo;ambition en action. Rejoignez une \u00e9quipe qui va plus loin ensemble. <\/p>\n                        <\/div>\n                                    <\/div>\n                <a class=\"btn btn--primary btn--dark wp-block-cta-banner__button\" href=\"https:\/\/careers.smartrecruiters.com\/Ayming?search=manager\" target=\"_blank\" rel=\"noopener\">Rechercher des emplois de manager<svg class='edwp-icon edwp-icon--xsm js-icon ' aria-hidden='true'>\n                <use xlink:href='#arrow'><\/use>\n            <\/svg><\/a>            <\/div>\n                    <\/div>\n            <\/div>\n<\/section> ","protected":false},"excerpt":{"rendered":"","protected":false},"author":3,"featured_media":0,"parent":5802,"menu_order":0,"comment_status":"closed","ping_status":"closed","template":"","meta":{"_acf_changed":false,"footnotes":""},"class_list":["post-5827","page","type-page","status-publish","hentry"],"acf":[],"_links":{"self":[{"href":"https:\/\/www.ayming.ca\/fr\/wp-json\/wp\/v2\/pages\/5827","targetHints":{"allow":["GET"]}}],"collection":[{"href":"https:\/\/www.ayming.ca\/fr\/wp-json\/wp\/v2\/pages"}],"about":[{"href":"https:\/\/www.ayming.ca\/fr\/wp-json\/wp\/v2\/types\/page"}],"author":[{"embeddable":true,"href":"https:\/\/www.ayming.ca\/fr\/wp-json\/wp\/v2\/users\/3"}],"replies":[{"embeddable":true,"href":"https:\/\/www.ayming.ca\/fr\/wp-json\/wp\/v2\/comments?post=5827"}],"version-history":[{"count":0,"href":"https:\/\/www.ayming.ca\/fr\/wp-json\/wp\/v2\/pages\/5827\/revisions"}],"up":[{"embeddable":true,"href":"https:\/\/www.ayming.ca\/fr\/wp-json\/wp\/v2\/pages\/5802"}],"wp:attachment":[{"href":"https:\/\/www.ayming.ca\/fr\/wp-json\/wp\/v2\/media?parent=5827"}],"curies":[{"name":"wp","href":"https:\/\/api.w.org\/{rel}","templated":true}]}}