{"id":5829,"date":"2025-10-24T18:36:40","date_gmt":"2025-10-24T16:36:40","guid":{"rendered":"https:\/\/www.ayming.ca\/carriere\/vie-a-ayming\/redacteur-technique\/"},"modified":"2025-10-24T18:36:40","modified_gmt":"2025-10-24T16:36:40","slug":"redacteur-technique","status":"publish","type":"page","link":"https:\/\/www.ayming.ca\/fr\/carriere\/vie-a-ayming\/redacteur-technique\/","title":{"rendered":"R\u00e9dacteur Technique"},"content":{"rendered":"    <section\n        class=\"wp-block-breadcrumbs wp-block wp-block-breadcrumbs--has-border wp-block--first-block layout--spacing-xxxs-top layout--spacing-xxxs-bottom bg--light-blue\"\n            >\n        <div class=\"wp-block-breadcrumbs__container\">\n            <nav class=\"wp-block-breadcrumbs__nav\" aria-label=\"Breadcrumb\">\n                <nav aria-label=\"breadcrumbs\" class=\"rank-math-breadcrumb\"><p><span class=\"last btn btn--tertiary\">Home<\/span><\/p><\/nav>            <\/nav>\n        <\/div>\n    <\/section>\n \n<section\n    class=\"wp-block-banner wp-block wp-block-banner--image wp-block-banner--reverse-order wp-block-banner--highlight-image layout--spacing-xxl-top layout--spacing-xxl-bottom bg--light-blue\"\n        >\n        <div class=\"wp-block-banner__container\">\n        <div class=\"wp-component-content wp-block-banner__content\">\n    <div class=\"wp-component-content__inner\">\n                <p class=\"wp-component-heading body wp-component-content__eyebrow\">\n    Madrid, Espagne<\/p>        <h1 class=\"wp-component-heading text--h2 wp-component-content__title\">\n    Rencontrez Jorge<\/h1>                    <div class=\"wp-component-content__content wysiwyg\">\n                <p class=\"text--h6\">Analyste en Innovation @ ayming<\/p>\n<p>#Innovation #TravailDEquipe #StrategieDeProjets #Durabilite #Croissance<\/p>\n            <\/div>\n                    <\/div>\n    <\/div>                    <div class=\"wp-block-banner__col\">\n                                    <div class=\"wp-block-banner__image\">\n                        <img decoding=\"async\" width=\"532\" height=\"532\" src=\"https:\/\/www.ayming.ca\/wp-content\/smush-webp\/sites\/6\/2025\/10\/Jorge-Lara-Innovation-analyst-Madrid-Spain-532x532.png.webp\" class=\"attachment-1-1-default size-1-1-default\" alt=\"\" srcset=\"https:\/\/www.ayming.ca\/wp-content\/smush-webp\/sites\/6\/2025\/10\/Jorge-Lara-Innovation-analyst-Madrid-Spain-532x532.png.webp 532w, https:\/\/www.ayming.ca\/wp-content\/smush-webp\/sites\/6\/2025\/10\/Jorge-Lara-Innovation-analyst-Madrid-Spain-300x300.png.webp 300w, https:\/\/www.ayming.ca\/wp-content\/smush-webp\/sites\/6\/2025\/10\/Jorge-Lara-Innovation-analyst-Madrid-Spain-150x150.png.webp 150w, https:\/\/www.ayming.ca\/wp-content\/smush-webp\/sites\/6\/2025\/10\/Jorge-Lara-Innovation-analyst-Madrid-Spain-176x176.png.webp 176w, https:\/\/www.ayming.ca\/wp-content\/smush-webp\/sites\/6\/2025\/10\/Jorge-Lara-Innovation-analyst-Madrid-Spain-32x32.png.webp 32w, https:\/\/www.ayming.ca\/wp-content\/smush-webp\/sites\/6\/2025\/10\/Jorge-Lara-Innovation-analyst-Madrid-Spain-132x132.png.webp 132w, https:\/\/www.ayming.ca\/wp-content\/uploads\/sites\/6\/2025\/10\/Jorge-Lara-Innovation-analyst-Madrid-Spain.png 567w\" sizes=\"(max-width: 532px) 100vw, 532px\" \/>                    <\/div>\n                            <\/div>\n            <\/div>\n<\/section>\n<section\n    class=\"wp-block-text-block wp-block wp-block-text-block--reduced-width layout--spacing-xxl-top layout--spacing-xxl-bottom bg--white\"\n    >\n                        <div class=\"wp-block-text-block__container wysiwyg fade-in\">\n                <p class=\"intro-text\">Je m&rsquo;appelle Jorge, je suis ing\u00e9nieur en t\u00e9l\u00e9communications originaire de Ja\u00e9n, et je travaille comme Analyste en Innovation \u00e0 Madrid. J&rsquo;ai rejoint Ayming en novembre 2024, sans exp\u00e9rience pr\u00e9alable dans le secteur de la R&amp;D. <\/p>\n            <\/div>\n            <\/section>\n<section\n    class=\"wp-block-testimonials-block wp-block layout--none-top layout--spacing-xxl-bottom bg--white\"\n    >\n    <div class=\"wp-block-testimonials-block__container\">\n                    <div class=\"wp-component-testimonials wp-block-testimonials-block__testimonials fade-in\">\n        <div class=\"swiper-wrapper wp-component-testimonials__swiper-wrapper\">\n                            <div class=\"swiper-slide wp-component-testimonials__slide js-wp-component-testimonials-slide\">\n                        <div class=\"wp-component-testimonial wp-component-testimonial--blue-box\">\n        <blockquote class=\"wp-component-testimonial__quote\">\n            <svg class='edwp-icon edwp-icon--med js-icon wp-component-testimonial__quote-icon wp-component-testimonial__quote-icon-start' aria-hidden='true'>\n                <use xlink:href='#quote'><\/use>\n            <\/svg>Ce que j&#039;aime le plus, c&#039;est de voir les id\u00e9es se transformer en quelque chose de tangible qui change la fa\u00e7on dont les entreprises fonctionnent.<svg class='edwp-icon edwp-icon--med js-icon wp-component-testimonial__quote-icon wp-component-testimonial__quote-icon-end' aria-hidden='true'>\n                <use xlink:href='#quote'><\/use>\n            <\/svg>        <\/blockquote>\n            <\/div>\n                <\/div>\n                    <\/div>\n            <\/div>\n            <\/div>\n<\/section>\n<section\n    class=\"wp-block-text-block wp-block wp-block-text-block--reduced-width layout--none-top layout--spacing-xxl-bottom bg--white\"\n    >\n                        <div class=\"wp-block-text-block__container wysiwyg fade-in\">\n                <h2>Ma routine de travail<\/h2>\n<p class=\"paragraph-large\">Mes journ\u00e9es sont un m\u00e9lange de travail d&rsquo;\u00e9quipe, de recherche et de collaboration avec les clients. J&rsquo;analyse la documentation technique, \u00e9change des id\u00e9es avec mes coll\u00e8gues et travaille en \u00e9troite collaboration avec les clients pour concevoir des projets innovants qui cr\u00e9ent une valeur mesurable. Je rencontre aussi r\u00e9guli\u00e8rement mon responsable et mon chef d&rsquo;\u00e9quipe pour poser des questions et continuer \u00e0 apprendre \u2014 chaque jour apporte de nouvelles perspectives.  <\/p>\n            <\/div>\n            <\/section>\n<section\n    class=\"wp-block-key-content wp-block wp-block-key-content--dark-blue wp-block-key-content--columns-2 wp-block-key-content--callout-default wp-block-key-content--reduced-width layout--none-top layout--spacing-xxl-bottom bg--white\"\n    >\n    <div class=\"wp-block-key-content__container\">\n        <div class=\"wp-block-key-content__box\">\n            <div class=\"wp-component-content wp-component-content--dark wp-block-key-content__content fade-in\">\n    <div class=\"wp-component-content__inner\">\n                        <h2 class=\"wp-component-heading text--h5 wp-component-content__title\">\n    Mes principales activit\u00e9s comprennent<\/h2>                    <\/div>\n    <\/div>                            <div class=\"wp-block-key-content__key-items row-load\">\n                                            <article class=\"wp-component-card wp-component-card--white\">\n        <div class=\"wp-component-card__content\">\n                                                                    <div class=\"wp-component-card__icons\">\n                                    <div class=\"wp-component-card__icon-wrapper\">\n                        <div class=\"wp-component-card__icon-icon\">\n                            <img decoding=\"async\" width=\"32\" height=\"33\" src=\"https:\/\/www.ayming.ca\/wp-content\/smush-webp\/sites\/6\/2025\/10\/Frame-183-32x33.png.webp\" class=\"attachment-icon size-icon\" alt=\"\" srcset=\"https:\/\/www.ayming.ca\/wp-content\/smush-webp\/sites\/6\/2025\/10\/Frame-183-32x33.png.webp 32w, https:\/\/www.ayming.ca\/wp-content\/uploads\/sites\/6\/2025\/10\/Frame-183.png 48w\" sizes=\"(max-width: 32px) 100vw, 32px\" \/>                        <\/div>\n                        <p class=\"wp-component-card__icon-title\">\n                            Participation aux r\u00e9unions clients                        <\/p>\n                    <\/div>\n                                    <div class=\"wp-component-card__icon-wrapper\">\n                        <div class=\"wp-component-card__icon-icon\">\n                            <img decoding=\"async\" width=\"32\" height=\"32\" src=\"https:\/\/www.ayming.ca\/wp-content\/smush-webp\/sites\/6\/2025\/10\/con-Blue-Finance-Tax-14-32x32.png.webp\" class=\"attachment-icon size-icon\" alt=\"Ic\u00f4ne finance et fiscalit\u00e9 Ayming\" srcset=\"https:\/\/www.ayming.ca\/wp-content\/smush-webp\/sites\/6\/2025\/10\/con-Blue-Finance-Tax-14-32x32.png.webp 32w, https:\/\/www.ayming.ca\/wp-content\/uploads\/sites\/6\/2025\/10\/con-Blue-Finance-Tax-14.png 48w\" sizes=\"(max-width: 32px) 100vw, 32px\" \/>                        <\/div>\n                        <p class=\"wp-component-card__icon-title\">\n                            Documentation des activit\u00e9s de R&amp;D d&#039;un point de vue technique et financier, sur divers projets en t\u00e9l\u00e9communications et IT                        <\/p>\n                    <\/div>\n                                    <div class=\"wp-component-card__icon-wrapper\">\n                        <div class=\"wp-component-card__icon-icon\">\n                            <img decoding=\"async\" width=\"32\" height=\"32\" src=\"https:\/\/www.ayming.ca\/wp-content\/smush-webp\/sites\/6\/2025\/10\/con-Blue-Finance-Tax-27-32x32.png.webp\" class=\"attachment-icon size-icon\" alt=\"Icone finance et fiscalite\" srcset=\"https:\/\/www.ayming.ca\/wp-content\/smush-webp\/sites\/6\/2025\/10\/con-Blue-Finance-Tax-27-32x32.png.webp 32w, https:\/\/www.ayming.ca\/wp-content\/uploads\/sites\/6\/2025\/10\/con-Blue-Finance-Tax-27.png 48w\" sizes=\"(max-width: 32px) 100vw, 32px\" \/>                        <\/div>\n                        <p class=\"wp-component-card__icon-title\">\n                            Calcul des bonus et des d\u00e9ductions conform\u00e9ment \u00e0 la l\u00e9gislation en vigueur                        <\/p>\n                    <\/div>\n                            <\/div>\n                    <\/div>\n<\/article><article class=\"wp-component-card wp-component-card--white\">\n        <div class=\"wp-component-card__content\">\n                                                                    <div class=\"wp-component-card__icons\">\n                                    <div class=\"wp-component-card__icon-wrapper\">\n                        <div class=\"wp-component-card__icon-icon\">\n                            <img decoding=\"async\" width=\"32\" height=\"33\" src=\"https:\/\/www.ayming.ca\/wp-content\/smush-webp\/sites\/6\/2025\/10\/Frame-139-32x33.png.webp\" class=\"attachment-icon size-icon\" alt=\"\" srcset=\"https:\/\/www.ayming.ca\/wp-content\/smush-webp\/sites\/6\/2025\/10\/Frame-139-32x33.png.webp 32w, https:\/\/www.ayming.ca\/wp-content\/uploads\/sites\/6\/2025\/10\/Frame-139.png 48w\" sizes=\"(max-width: 32px) 100vw, 32px\" \/>                        <\/div>\n                        <p class=\"wp-component-card__icon-title\">\n                            Aide \u00e0 l&#039;identification de nouveaux projets innovants                        <\/p>\n                    <\/div>\n                                    <div class=\"wp-component-card__icon-wrapper\">\n                        <div class=\"wp-component-card__icon-icon\">\n                            <img decoding=\"async\" width=\"32\" height=\"33\" src=\"https:\/\/www.ayming.ca\/wp-content\/smush-webp\/sites\/6\/2025\/10\/Frame-120-32x33.png.webp\" class=\"attachment-icon size-icon\" alt=\"\" srcset=\"https:\/\/www.ayming.ca\/wp-content\/smush-webp\/sites\/6\/2025\/10\/Frame-120-32x33.png.webp 32w, https:\/\/www.ayming.ca\/wp-content\/uploads\/sites\/6\/2025\/10\/Frame-120.png 48w\" sizes=\"(max-width: 32px) 100vw, 32px\" \/>                        <\/div>\n                        <p class=\"wp-component-card__icon-title\">\n                            Gestion des clients et des op\u00e9rations de projet, soutien aux processus d&#039;identification et de certification des projets                        <\/p>\n                    <\/div>\n                            <\/div>\n                    <\/div>\n<\/article>                                    <\/div>\n                    <\/div>\n    <\/div>\n<\/section><section\n    class=\"wp-block-text-block wp-block wp-block-text-block--reduced-width layout--none-top layout--spacing-xxl-bottom bg--white\"\n    >\n                        <div class=\"wp-block-text-block__container wysiwyg fade-in\">\n                <h2>Les projets types sur lesquels je travaille<\/h2>\n<p class=\"paragraph-large\">Un projet dont je suis particuli\u00e8rement fier concernait le soutien d&rsquo;une soci\u00e9t\u00e9 de services financiers qui a d\u00e9velopp\u00e9 des mod\u00e8les pr\u00e9dictifs utilisant l&rsquo;intelligence artificielle pour \u00e9valuer la probabilit\u00e9 de d\u00e9faut et estimer les pertes de cr\u00e9dit futures. Gr\u00e2ce \u00e0 notre collaboration, nous avons valid\u00e9 la port\u00e9e innovante du projet, structur\u00e9 la documentation R&amp;D et obtenu une d\u00e9duction fiscale d\u00e9passant 1,5 million \u20ac \u2014 un r\u00e9sultat tangible qui montre comment l&rsquo;innovation et le soutien strat\u00e9gique peuvent g\u00e9n\u00e9rer un v\u00e9ritable impact commercial. <\/p>\n            <\/div>\n            <\/section>\n<section\n    class=\"wp-block-testimonials-block wp-block layout--none-top layout--spacing-xxl-bottom bg--white\"\n    >\n    <div class=\"wp-block-testimonials-block__container\">\n                    <div class=\"wp-component-testimonials wp-block-testimonials-block__testimonials fade-in\">\n        <div class=\"swiper-wrapper wp-component-testimonials__swiper-wrapper\">\n                            <div class=\"swiper-slide wp-component-testimonials__slide js-wp-component-testimonials-slide\">\n                        <div class=\"wp-component-testimonial wp-component-testimonial--blue-box\">\n        <blockquote class=\"wp-component-testimonial__quote\">\n            <svg class='edwp-icon edwp-icon--med js-icon wp-component-testimonial__quote-icon wp-component-testimonial__quote-icon-start' aria-hidden='true'>\n                <use xlink:href='#quote'><\/use>\n            <\/svg>Chaque client nous apprend quelque chose de nouveau \u2014 leurs d\u00e9fis nous inspirent \u00e0 aller plus loin.<svg class='edwp-icon edwp-icon--med js-icon wp-component-testimonial__quote-icon wp-component-testimonial__quote-icon-end' aria-hidden='true'>\n                <use xlink:href='#quote'><\/use>\n            <\/svg>        <\/blockquote>\n            <\/div>\n                <\/div>\n                    <\/div>\n            <\/div>\n            <\/div>\n<\/section>\n<section\n    class=\"wp-block-text-block wp-block wp-block-text-block--reduced-width layout--none-top layout--spacing-xxl-bottom bg--white\"\n    >\n                        <div class=\"wp-block-text-block__container wysiwyg fade-in\">\n                <h2>Mon \u00e9quipe<\/h2>\n<p class=\"paragraph-large\">Ce qui rend mon \u00e9quipe unique, c&rsquo;est son fort esprit de collaboration. Chacun est pr\u00eat \u00e0 aider, \u00e0 partager ses connaissances et \u00e0 c\u00e9l\u00e9brer les succ\u00e8s des autres. Ce soutien rend m\u00eame les projets les plus difficiles agr\u00e9ables.  <\/p>\n<p class=\"paragraph-large\">Notre \u00e9quipe r\u00e9unit des personnes ayant diff\u00e9rents niveaux d&rsquo;exp\u00e9rience, des nouveaux venus qui font leurs premiers pas dans le domaine aux experts comptant plus de huit ans dans le secteur de la R&amp;D. Nous organisons des r\u00e9unions hebdomadaires pour identifier les goulots d&rsquo;\u00e9tranglement, partager les progr\u00e8s et planifier notre travail \u2014 assurant ainsi l&rsquo;efficacit\u00e9 et l&rsquo;alignement sur tous les projets. <\/p>\n            <\/div>\n            <\/section>\n<section\n    class=\"wp-block-testimonials-block wp-block layout--none-top layout--spacing-xxl-bottom bg--white\"\n    >\n    <div class=\"wp-block-testimonials-block__container\">\n                    <div class=\"wp-component-testimonials wp-block-testimonials-block__testimonials fade-in\">\n        <div class=\"swiper-wrapper wp-component-testimonials__swiper-wrapper\">\n                            <div class=\"swiper-slide wp-component-testimonials__slide js-wp-component-testimonials-slide\">\n                        <div class=\"wp-component-testimonial wp-component-testimonial--blue-box\">\n        <blockquote class=\"wp-component-testimonial__quote\">\n            <svg class='edwp-icon edwp-icon--med js-icon wp-component-testimonial__quote-icon wp-component-testimonial__quote-icon-start' aria-hidden='true'>\n                <use xlink:href='#quote'><\/use>\n            <\/svg>Si vous \u00eates curieux, d\u00e9sireux d&#039;apprendre et que vous souhaitez voir comment vos id\u00e9es peuvent faire la diff\u00e9rence \u2014 Ayming pourrait \u00eatre l&#039;opportunit\u00e9 parfaite pour vous.<svg class='edwp-icon edwp-icon--med js-icon wp-component-testimonial__quote-icon wp-component-testimonial__quote-icon-end' aria-hidden='true'>\n                <use xlink:href='#quote'><\/use>\n            <\/svg>        <\/blockquote>\n            <\/div>\n                <\/div>\n                    <\/div>\n            <\/div>\n            <\/div>\n<\/section>\n<section\n    class=\"wp-block-cta-banner wp-block wp-block-cta-banner--reverse-order wp-block-cta-banner--blue-gradient wp-block-cta-banner--has-image layout--spacing-xxl-top layout--spacing-xxl-bottom bg--light-blue\"\n    >\n    <div class=\"wp-block-cta-banner__container\">\n                    <div class=\"wp-block-cta-banner__box\">\n                                    <div class=\"wp-block-cta-banner__image\">\n                    <img decoding=\"async\" width=\"981\" height=\"569\" src=\"https:\/\/www.ayming.ca\/wp-content\/smush-webp\/sites\/6\/2025\/10\/Programmes-981x569.jpg.webp\" class=\"attachment-content-width-sidebar-image size-content-width-sidebar-image\" alt=\"\" srcset=\"https:\/\/www.ayming.ca\/wp-content\/smush-webp\/sites\/6\/2025\/10\/Programmes-981x569.jpg.webp 981w, https:\/\/www.ayming.ca\/wp-content\/smush-webp\/sites\/6\/2025\/10\/Programmes-1096x636.jpg.webp 1096w\" sizes=\"(max-width: 981px) 100vw, 981px\" \/>                <\/div>\n                        <div class=\"wp-block-cta-banner__inner fade-in\">\n                <div class=\"wp-block-cta-banner__content\">\n                    <h3 class=\"wp-component-heading text--h4 wp-block-cta-banner__heading\">\n    Commencez votre parcours <br>chez Ayming aujourd&rsquo;hui<\/h3>                                            <div class=\"wp-block-cta-banner__wywisyg wysiwyg\">\n                            <p class=\"paragraph-large\">Chez Ayming, nous transformons l&rsquo;ambition en action. Rejoignez une \u00e9quipe qui va plus loin ensemble. <\/p>\n                        <\/div>\n                                    <\/div>\n                <a class=\"btn btn--primary btn--dark wp-block-cta-banner__button\" href=\"https:\/\/careers.smartrecruiters.com\/Ayming?search=analyst\" target=\"_blank\" rel=\"noopener\">Rechercher des postes d&rsquo;analyste<svg class='edwp-icon edwp-icon--xsm js-icon ' aria-hidden='true'>\n                <use xlink:href='#arrow'><\/use>\n            <\/svg><\/a>            <\/div>\n                    <\/div>\n            <\/div>\n<\/section> ","protected":false},"excerpt":{"rendered":"","protected":false},"author":3,"featured_media":0,"parent":5802,"menu_order":0,"comment_status":"closed","ping_status":"closed","template":"","meta":{"_acf_changed":false,"footnotes":""},"class_list":["post-5829","page","type-page","status-publish","hentry"],"acf":[],"_links":{"self":[{"href":"https:\/\/www.ayming.ca\/fr\/wp-json\/wp\/v2\/pages\/5829","targetHints":{"allow":["GET"]}}],"collection":[{"href":"https:\/\/www.ayming.ca\/fr\/wp-json\/wp\/v2\/pages"}],"about":[{"href":"https:\/\/www.ayming.ca\/fr\/wp-json\/wp\/v2\/types\/page"}],"author":[{"embeddable":true,"href":"https:\/\/www.ayming.ca\/fr\/wp-json\/wp\/v2\/users\/3"}],"replies":[{"embeddable":true,"href":"https:\/\/www.ayming.ca\/fr\/wp-json\/wp\/v2\/comments?post=5829"}],"version-history":[{"count":0,"href":"https:\/\/www.ayming.ca\/fr\/wp-json\/wp\/v2\/pages\/5829\/revisions"}],"up":[{"embeddable":true,"href":"https:\/\/www.ayming.ca\/fr\/wp-json\/wp\/v2\/pages\/5802"}],"wp:attachment":[{"href":"https:\/\/www.ayming.ca\/fr\/wp-json\/wp\/v2\/media?parent=5829"}],"curies":[{"name":"wp","href":"https:\/\/api.w.org\/{rel}","templated":true}]}}