{"id":5831,"date":"2025-10-24T18:51:26","date_gmt":"2025-10-24T16:51:26","guid":{"rendered":"https:\/\/www.ayming.ca\/carriere\/vie-a-ayming\/stage-marketing\/"},"modified":"2025-10-24T18:51:26","modified_gmt":"2025-10-24T16:51:26","slug":"stage-marketing","status":"publish","type":"page","link":"https:\/\/www.ayming.ca\/fr\/carriere\/vie-a-ayming\/stage-marketing\/","title":{"rendered":"Stage en marketing"},"content":{"rendered":"    <section\n        class=\"wp-block-breadcrumbs wp-block wp-block-breadcrumbs--has-border wp-block--first-block layout--spacing-xxxs-top layout--spacing-xxxs-bottom bg--light-blue\"\n            >\n        <div class=\"wp-block-breadcrumbs__container\">\n            <nav class=\"wp-block-breadcrumbs__nav\" aria-label=\"Breadcrumb\">\n                <nav aria-label=\"breadcrumbs\" class=\"rank-math-breadcrumb\"><p><span class=\"last btn btn--tertiary\">Home<\/span><\/p><\/nav>            <\/nav>\n        <\/div>\n    <\/section>\n \n<section\n    class=\"wp-block-banner wp-block wp-block-banner--image wp-block-banner--reverse-order wp-block-banner--highlight-image layout--spacing-xxl-top layout--spacing-xxl-bottom bg--light-blue\"\n        >\n        <div class=\"wp-block-banner__container\">\n        <div class=\"wp-component-content wp-block-banner__content\">\n    <div class=\"wp-component-content__inner\">\n                <p class=\"wp-component-heading body wp-component-content__eyebrow\">\n    Paris, France<\/p>        <h1 class=\"wp-component-heading text--h2 wp-component-content__title\">\n    Rencontrez Lina<\/h1>                    <div class=\"wp-component-content__content wysiwyg\">\n                <p class=\"text--h6\">Assistante Projet Marketing @ ayming<\/p>\n<p>#Marketing #GestionDeProjet #Communication #EspritDEquipe #Cr\u00e9ativit\u00e9 #Innovation<\/p>\n            <\/div>\n                    <\/div>\n    <\/div>                    <div class=\"wp-block-banner__col\">\n                                    <div class=\"wp-block-banner__image\">\n                        <img decoding=\"async\" width=\"524\" height=\"524\" src=\"https:\/\/www.ayming.ca\/wp-content\/uploads\/sites\/6\/2025\/10\/COVAIN-Lina-intern-Levallois-France.jpg\" class=\"attachment-1-1-default size-1-1-default\" alt=\"\" srcset=\"https:\/\/www.ayming.ca\/wp-content\/uploads\/sites\/6\/2025\/10\/COVAIN-Lina-intern-Levallois-France.jpg 524w, https:\/\/www.ayming.ca\/wp-content\/smush-webp\/sites\/6\/2025\/10\/COVAIN-Lina-intern-Levallois-France-300x300.jpg.webp 300w, https:\/\/www.ayming.ca\/wp-content\/smush-webp\/sites\/6\/2025\/10\/COVAIN-Lina-intern-Levallois-France-150x150.jpg.webp 150w, https:\/\/www.ayming.ca\/wp-content\/smush-webp\/sites\/6\/2025\/10\/COVAIN-Lina-intern-Levallois-France-176x176.jpg.webp 176w, https:\/\/www.ayming.ca\/wp-content\/smush-webp\/sites\/6\/2025\/10\/COVAIN-Lina-intern-Levallois-France-32x32.jpg.webp 32w, https:\/\/www.ayming.ca\/wp-content\/smush-webp\/sites\/6\/2025\/10\/COVAIN-Lina-intern-Levallois-France-132x132.jpg.webp 132w\" sizes=\"(max-width: 524px) 100vw, 524px\" \/>                    <\/div>\n                            <\/div>\n            <\/div>\n<\/section>\n<section\n    class=\"wp-block-text-block wp-block wp-block-text-block--reduced-width layout--spacing-xxl-top layout--spacing-xxl-bottom bg--white\"\n    >\n                        <div class=\"wp-block-text-block__container wysiwyg fade-in\">\n                <p class=\"intro-text\">Je m&rsquo;appelle Lina Covain, je travaille comme Assistante Projet Marketing chez Ayming, tout en poursuivant mon Master en Marketing International \u00e0 l&rsquo;ESCE. J&rsquo;ai rejoint Ayming dans le cadre de mon alternance \u2014 une exp\u00e9rience \u00e0 la fois enrichissante et stimulante ! <\/p>\n            <\/div>\n            <\/section>\n<section\n    class=\"wp-block-testimonials-block wp-block layout--none-top layout--spacing-xxl-bottom bg--white\"\n    >\n    <div class=\"wp-block-testimonials-block__container\">\n                    <div class=\"wp-component-testimonials wp-block-testimonials-block__testimonials fade-in\">\n        <div class=\"swiper-wrapper wp-component-testimonials__swiper-wrapper\">\n                            <div class=\"swiper-slide wp-component-testimonials__slide js-wp-component-testimonials-slide\">\n                        <div class=\"wp-component-testimonial wp-component-testimonial--blue-box\">\n        <blockquote class=\"wp-component-testimonial__quote\">\n            <svg class='edwp-icon edwp-icon--med js-icon wp-component-testimonial__quote-icon wp-component-testimonial__quote-icon-start' aria-hidden='true'>\n                <use xlink:href='#quote'><\/use>\n            <\/svg>Ce que j&#039;aime le plus dans le marketing, c&#039;est transformer des id\u00e9es en exp\u00e9riences qui rassemblent les gens et cr\u00e9ent un impact.<svg class='edwp-icon edwp-icon--med js-icon wp-component-testimonial__quote-icon wp-component-testimonial__quote-icon-end' aria-hidden='true'>\n                <use xlink:href='#quote'><\/use>\n            <\/svg>        <\/blockquote>\n            <\/div>\n                <\/div>\n                    <\/div>\n            <\/div>\n            <\/div>\n<\/section>\n<section\n    class=\"wp-block-text-block wp-block wp-block-text-block--reduced-width layout--none-top layout--spacing-xxl-bottom bg--white\"\n    >\n                        <div class=\"wp-block-text-block__container wysiwyg fade-in\">\n                <h2>Ma routine de travail<\/h2>\n<p class=\"paragraph-large\">Aucune journ\u00e9e ne se ressemble \u2014 et c&rsquo;est exactement ce que j&rsquo;appr\u00e9cie dans mon r\u00f4le au sein de l&rsquo;\u00e9quipe Marketing d&rsquo;Ayming. Je participe \u00e0 la coordination de nombreux projets, en collaboration \u00e9troite avec mes coll\u00e8gues pour garantir que chaque initiative refl\u00e8te l&rsquo;\u00e9nergie, la cr\u00e9ativit\u00e9 et les valeurs de l&rsquo;entreprise. <\/p>\n            <\/div>\n            <\/section>\n<section\n    class=\"wp-block-key-content wp-block wp-block-key-content--dark-blue wp-block-key-content--columns-2 wp-block-key-content--callout-default wp-block-key-content--reduced-width layout--none-top layout--spacing-xxl-bottom bg--white\"\n    >\n    <div class=\"wp-block-key-content__container\">\n        <div class=\"wp-block-key-content__box\">\n            <div class=\"wp-component-content wp-component-content--dark wp-block-key-content__content fade-in\">\n    <div class=\"wp-component-content__inner\">\n                        <h2 class=\"wp-component-heading text--h5 wp-component-content__title\">\n    Mes principales activit\u00e9s comprennent<\/h2>                    <\/div>\n    <\/div>                            <div class=\"wp-block-key-content__key-items row-load\">\n                                            <article class=\"wp-component-card wp-component-card--white\">\n        <div class=\"wp-component-card__content\">\n                                                                    <div class=\"wp-component-card__icons\">\n                                    <div class=\"wp-component-card__icon-wrapper\">\n                        <div class=\"wp-component-card__icon-icon\">\n                            <img decoding=\"async\" width=\"32\" height=\"33\" src=\"https:\/\/www.ayming.ca\/wp-content\/smush-webp\/sites\/6\/2025\/10\/Frame-120-32x33.png.webp\" class=\"attachment-icon size-icon\" alt=\"\" srcset=\"https:\/\/www.ayming.ca\/wp-content\/smush-webp\/sites\/6\/2025\/10\/Frame-120-32x33.png.webp 32w, https:\/\/www.ayming.ca\/wp-content\/uploads\/sites\/6\/2025\/10\/Frame-120.png 48w\" sizes=\"(max-width: 32px) 100vw, 32px\" \/>                        <\/div>\n                        <p class=\"wp-component-card__icon-title\">\n                            L&#039;organisation et la coordination d&#039;\u00e9v\u00e9nements internes et externes (webinaires, kick-offs, etc.)                        <\/p>\n                    <\/div>\n                                    <div class=\"wp-component-card__icon-wrapper\">\n                        <div class=\"wp-component-card__icon-icon\">\n                            <img decoding=\"async\" width=\"32\" height=\"33\" src=\"https:\/\/www.ayming.ca\/wp-content\/smush-webp\/sites\/6\/2025\/10\/Frame-139-32x33.png.webp\" class=\"attachment-icon size-icon\" alt=\"\" srcset=\"https:\/\/www.ayming.ca\/wp-content\/smush-webp\/sites\/6\/2025\/10\/Frame-139-32x33.png.webp 32w, https:\/\/www.ayming.ca\/wp-content\/uploads\/sites\/6\/2025\/10\/Frame-139.png 48w\" sizes=\"(max-width: 32px) 100vw, 32px\" \/>                        <\/div>\n                        <p class=\"wp-component-card__icon-title\">\n                            La cr\u00e9ation de supports visuels et de contenus pour les \u00e9v\u00e9nements                        <\/p>\n                    <\/div>\n                            <\/div>\n                    <\/div>\n<\/article><article class=\"wp-component-card wp-component-card--white\">\n        <div class=\"wp-component-card__content\">\n                                                                    <div class=\"wp-component-card__icons\">\n                                    <div class=\"wp-component-card__icon-wrapper\">\n                        <div class=\"wp-component-card__icon-icon\">\n                            <img decoding=\"async\" width=\"32\" height=\"33\" src=\"https:\/\/www.ayming.ca\/wp-content\/smush-webp\/sites\/6\/2025\/10\/Icon-Blue-Innovation-3-32x33.png.webp\" class=\"attachment-icon size-icon\" alt=\"Icone innovation\" srcset=\"https:\/\/www.ayming.ca\/wp-content\/smush-webp\/sites\/6\/2025\/10\/Icon-Blue-Innovation-3-32x33.png.webp 32w, https:\/\/www.ayming.ca\/wp-content\/uploads\/sites\/6\/2025\/10\/Icon-Blue-Innovation-3.png 48w\" sizes=\"(max-width: 32px) 100vw, 32px\" \/>                        <\/div>\n                        <p class=\"wp-component-card__icon-title\">\n                            La contribution \u00e0 la cr\u00e9ation de contenus pour la promotion sur les r\u00e9seaux sociaux                        <\/p>\n                    <\/div>\n                                    <div class=\"wp-component-card__icon-wrapper\">\n                        <div class=\"wp-component-card__icon-icon\">\n                            <img decoding=\"async\" width=\"32\" height=\"33\" src=\"https:\/\/www.ayming.ca\/wp-content\/smush-webp\/sites\/6\/2025\/10\/Frame-180-32x33.png.webp\" class=\"attachment-icon size-icon\" alt=\"\" srcset=\"https:\/\/www.ayming.ca\/wp-content\/smush-webp\/sites\/6\/2025\/10\/Frame-180-32x33.png.webp 32w, https:\/\/www.ayming.ca\/wp-content\/uploads\/sites\/6\/2025\/10\/Frame-180.png 48w\" sizes=\"(max-width: 32px) 100vw, 32px\" \/>                        <\/div>\n                        <p class=\"wp-component-card__icon-title\">\n                            Le maintien de la coh\u00e9rence de la marque dans tous les supports marketing                        <\/p>\n                    <\/div>\n                            <\/div>\n                    <\/div>\n<\/article>                                    <\/div>\n                    <\/div>\n    <\/div>\n<\/section><section\n    class=\"wp-block-text-block wp-block wp-block-text-block--reduced-width layout--none-top layout--spacing-xxl-bottom bg--white\"\n    >\n                        <div class=\"wp-block-text-block__container wysiwyg fade-in\">\n                <h2>Les projets types sur lesquels je travaille<\/h2>\n<p class=\"paragraph-large\">Un projet dont je suis particuli\u00e8rement fi\u00e8re d&rsquo;avoir contribu\u00e9 est le Barom\u00e8tre de l&rsquo;Absent\u00e9isme, l&rsquo;une des \u00e9tudes phares d&rsquo;Ayming. Avec Alexandra et l&rsquo;\u00e9quipe RH, nous avons coordonn\u00e9 l&rsquo;\u00e9v\u00e9nement dans son int\u00e9gralit\u00e9 \u2014 de la pr\u00e9paration des supports \u00e0 la pr\u00e9sentation des r\u00e9sultats. Ce projet repr\u00e9sente parfaitement l&rsquo;expertise et l&rsquo;identit\u00e9 d&rsquo;Ayming, et je suis fi\u00e8re d&rsquo;y avoir jou\u00e9 un r\u00f4le actif.  <\/p>\n            <\/div>\n            <\/section>\n<section\n    class=\"wp-block-testimonials-block wp-block layout--none-top layout--spacing-xxl-bottom bg--white\"\n    >\n    <div class=\"wp-block-testimonials-block__container\">\n                    <div class=\"wp-component-testimonials wp-block-testimonials-block__testimonials fade-in\">\n        <div class=\"swiper-wrapper wp-component-testimonials__swiper-wrapper\">\n                            <div class=\"swiper-slide wp-component-testimonials__slide js-wp-component-testimonials-slide\">\n                        <div class=\"wp-component-testimonial wp-component-testimonial--blue-box\">\n        <blockquote class=\"wp-component-testimonial__quote\">\n            <svg class='edwp-icon edwp-icon--med js-icon wp-component-testimonial__quote-icon wp-component-testimonial__quote-icon-start' aria-hidden='true'>\n                <use xlink:href='#quote'><\/use>\n            <\/svg>J&#039;aime travailler avec une \u00e9quipe qui se soutient et se fait confiance mutuellement \u2014 chaque d\u00e9fi devient une opportunit\u00e9 d&#039;apprentissage et de d\u00e9veloppement.<svg class='edwp-icon edwp-icon--med js-icon wp-component-testimonial__quote-icon wp-component-testimonial__quote-icon-end' aria-hidden='true'>\n                <use xlink:href='#quote'><\/use>\n            <\/svg>        <\/blockquote>\n            <\/div>\n                <\/div>\n                    <\/div>\n            <\/div>\n            <\/div>\n<\/section>\n<section\n    class=\"wp-block-text-block wp-block wp-block-text-block--reduced-width layout--none-top layout--spacing-xxl-bottom bg--white\"\n    >\n                        <div class=\"wp-block-text-block__container wysiwyg fade-in\">\n                <h2>Mon \u00e9quipe<\/h2>\n<p class=\"paragraph-large\">J&rsquo;ai la chance de travailler avec une \u00e9quipe inspirante et encourageante \u2014 Alexandra, Clo\u00e9, Lorenza, et toute l&rsquo;\u00e9quipe Marketing. Leur curiosit\u00e9, leur cr\u00e9ativit\u00e9 et leur \u00e9nergie positive rendent chaque journ\u00e9e motivante. C&rsquo;est un environnement o\u00f9 je me sens encourag\u00e9e \u00e0 apprendre, partager et donner le meilleur de moi-m\u00eame.  <\/p>\n            <\/div>\n            <\/section>\n<section\n    class=\"wp-block-testimonials-block wp-block layout--none-top layout--spacing-xxl-bottom bg--white\"\n    >\n    <div class=\"wp-block-testimonials-block__container\">\n                    <div class=\"wp-component-testimonials wp-block-testimonials-block__testimonials fade-in\">\n        <div class=\"swiper-wrapper wp-component-testimonials__swiper-wrapper\">\n                            <div class=\"swiper-slide wp-component-testimonials__slide js-wp-component-testimonials-slide\">\n                        <div class=\"wp-component-testimonial wp-component-testimonial--blue-box\">\n        <blockquote class=\"wp-component-testimonial__quote\">\n            <svg class='edwp-icon edwp-icon--med js-icon wp-component-testimonial__quote-icon wp-component-testimonial__quote-icon-start' aria-hidden='true'>\n                <use xlink:href='#quote'><\/use>\n            <\/svg>Si vous recherchez un poste o\u00f9 vous pourrez mettre en pratique vos comp\u00e9tences en marketing, coordonner des projets vari\u00e9s et contribuer activement \u00e0 la visibilit\u00e9 et \u00e0 l&#039;impact d&#039;une entreprise \u2014 le r\u00f4le d&#039;Assistant(e) Projet Marketing chez Ayming est fait pour vous. Vous apprendrez rapidement, collaborerez \u00e9troitement et participerez \u00e0 des projets qui font vraiment la diff\u00e9rence. <svg class='edwp-icon edwp-icon--med js-icon wp-component-testimonial__quote-icon wp-component-testimonial__quote-icon-end' aria-hidden='true'>\n                <use xlink:href='#quote'><\/use>\n            <\/svg>        <\/blockquote>\n            <\/div>\n                <\/div>\n                    <\/div>\n            <\/div>\n            <\/div>\n<\/section>\n<section\n    class=\"wp-block-cta-banner wp-block wp-block-cta-banner--reverse-order wp-block-cta-banner--blue-gradient wp-block-cta-banner--has-image layout--spacing-xxl-top layout--spacing-xxl-bottom bg--light-blue\"\n    >\n    <div class=\"wp-block-cta-banner__container\">\n                    <div class=\"wp-block-cta-banner__box\">\n                                    <div class=\"wp-block-cta-banner__image\">\n                    <img decoding=\"async\" width=\"981\" height=\"569\" src=\"https:\/\/www.ayming.ca\/wp-content\/smush-webp\/sites\/6\/2025\/10\/Programmes-981x569.jpg.webp\" class=\"attachment-content-width-sidebar-image size-content-width-sidebar-image\" alt=\"\" srcset=\"https:\/\/www.ayming.ca\/wp-content\/smush-webp\/sites\/6\/2025\/10\/Programmes-981x569.jpg.webp 981w, https:\/\/www.ayming.ca\/wp-content\/smush-webp\/sites\/6\/2025\/10\/Programmes-1096x636.jpg.webp 1096w\" sizes=\"(max-width: 981px) 100vw, 981px\" \/>                <\/div>\n                        <div class=\"wp-block-cta-banner__inner fade-in\">\n                <div class=\"wp-block-cta-banner__content\">\n                    <h3 class=\"wp-component-heading text--h4 wp-block-cta-banner__heading\">\n    Commencez votre parcours <br>chez Ayming aujourd&rsquo;hui<\/h3>                                            <div class=\"wp-block-cta-banner__wywisyg wysiwyg\">\n                            <p class=\"paragraph-large\">Chez Ayming, nous transformons l&rsquo;ambition en action. Rejoignez une \u00e9quipe qui va plus loin ensemble. <\/p>\n                        <\/div>\n                                    <\/div>\n                <a class=\"btn btn--primary btn--dark wp-block-cta-banner__button\" href=\"https:\/\/careers.smartrecruiters.com\/Ayming?search=intern\" target=\"_blank\" rel=\"noopener\">Rechercher des stages<svg class='edwp-icon edwp-icon--xsm js-icon ' aria-hidden='true'>\n                <use xlink:href='#arrow'><\/use>\n            <\/svg><\/a>            <\/div>\n                    <\/div>\n            <\/div>\n<\/section> ","protected":false},"excerpt":{"rendered":"","protected":false},"author":3,"featured_media":0,"parent":5802,"menu_order":0,"comment_status":"closed","ping_status":"closed","template":"","meta":{"_acf_changed":false,"footnotes":""},"class_list":["post-5831","page","type-page","status-publish","hentry"],"acf":[],"_links":{"self":[{"href":"https:\/\/www.ayming.ca\/fr\/wp-json\/wp\/v2\/pages\/5831","targetHints":{"allow":["GET"]}}],"collection":[{"href":"https:\/\/www.ayming.ca\/fr\/wp-json\/wp\/v2\/pages"}],"about":[{"href":"https:\/\/www.ayming.ca\/fr\/wp-json\/wp\/v2\/types\/page"}],"author":[{"embeddable":true,"href":"https:\/\/www.ayming.ca\/fr\/wp-json\/wp\/v2\/users\/3"}],"replies":[{"embeddable":true,"href":"https:\/\/www.ayming.ca\/fr\/wp-json\/wp\/v2\/comments?post=5831"}],"version-history":[{"count":0,"href":"https:\/\/www.ayming.ca\/fr\/wp-json\/wp\/v2\/pages\/5831\/revisions"}],"up":[{"embeddable":true,"href":"https:\/\/www.ayming.ca\/fr\/wp-json\/wp\/v2\/pages\/5802"}],"wp:attachment":[{"href":"https:\/\/www.ayming.ca\/fr\/wp-json\/wp\/v2\/media?parent=5831"}],"curies":[{"name":"wp","href":"https:\/\/api.w.org\/{rel}","templated":true}]}}